{"id":77,"date":"2015-06-11T16:03:04","date_gmt":"2015-06-11T14:03:04","guid":{"rendered":"http:\/\/www.kathrinherrmann.de\/?page_id=77"},"modified":"2020-09-17T14:06:57","modified_gmt":"2020-09-17T12:06:57","slug":"coaching","status":"publish","type":"page","link":"http:\/\/www.kathrinherrmann.de\/?page_id=77","title":{"rendered":"Beratung f\u00fcr Familien"},"content":{"rendered":"\n<p>Anl\u00e4sse f\u00fcr Beratungen mit allen Familienmitgliedern k\u00f6nnen \u00dcbergangsphasen sein (z.B. Pubert\u00e4t, Abl\u00f6sung vom Elternhaus), Bew\u00e4ltigung von krisenhaften Lebensereignissen wie z.B. Trennung\/ Scheidung\/ Trauer und Verlust aber auch Schwierigkeiten im Zusammenleben als Ursprungsfamilie, wie auch in Patchworkfamilien. Die Idee ist es, dass im Familiensetting alle Mitglieder in ihren Bed\u00fcrfnissen gesehen werden k\u00f6nnen.<\/p>\n\n\n\n<ul><li><strong>Spannungen in der Familie \u00fcberwinden:<\/strong> Familienkonflikte, angespannte Eltern-Kind-Beziehung, \u00dcberforderung Einzelner<\/li><li><strong>Erziehungshilfe:<\/strong> Probleme bei der Erziehung der Kinder, Stress mit den Kindern, unterschiedliche Erziehungsstile<\/li><li><strong>Umgang mit Trennung:<\/strong> Scheidung und Kinder, Trennung mit Kindern, wie es den Kindern sagen, verlassen werden in der Familie<\/li><li><strong>Familienkrisen bew\u00e4ltigen:<\/strong> Krankheit oder Tod eines Elternteils, Krankheit oder Tod eines Kindes<\/li><li><strong>Kindergarten- und Schulprobleme l\u00f6sen:<\/strong> Konflikte im Kindergarten, Probleme in der Schule, Schulstress, Mobbing in der Schule<\/li><li><strong>Umgang mit auff\u00e4lligem Verhalten: <\/strong>Fragen zur Entwicklung, Miteinander in der Familie gestalten<\/li><li><strong>Leben in der Ptachworkfamilie<\/strong><\/li><\/ul>\n\n\n\n<p><\/p>\n","protected":false},"excerpt":{"rendered":"<p>Anl\u00e4sse f\u00fcr Beratungen mit allen Familienmitgliedern k\u00f6nnen \u00dcbergangsphasen sein (z.B. Pubert\u00e4t, Abl\u00f6sung vom Elternhaus), Bew\u00e4ltigung von krisenhaften Lebensereignissen wie z.B. Trennung\/ Scheidung\/ Trauer und Verlust aber auch Schwierigkeiten im Zusammenleben als Ursprungsfamilie, wie auch in Patchworkfamilien. Die Idee ist es, dass im Familiensetting alle Mitglieder in ihren Bed\u00fcrfnissen gesehen werden k\u00f6nnen. Spannungen in der Familie [&hellip;]<\/p>\n","protected":false},"author":1,"featured_media":0,"parent":273,"menu_order":3,"comment_status":"closed","ping_status":"closed","template":"","meta":[],"_links":{"self":[{"href":"http:\/\/www.kathrinherrmann.de\/index.php?rest_route=\/wp\/v2\/pages\/77"}],"collection":[{"href":"http:\/\/www.kathrinherrmann.de\/index.php?rest_route=\/wp\/v2\/pages"}],"about":[{"href":"http:\/\/www.kathrinherrmann.de\/index.php?rest_route=\/wp\/v2\/types\/page"}],"author":[{"embeddable":true,"href":"http:\/\/www.kathrinherrmann.de\/index.php?rest_route=\/wp\/v2\/users\/1"}],"replies":[{"embeddable":true,"href":"http:\/\/www.kathrinherrmann.de\/index.php?rest_route=%2Fwp%2Fv2%2Fcomments&post=77"}],"version-history":[{"count":9,"href":"http:\/\/www.kathrinherrmann.de\/index.php?rest_route=\/wp\/v2\/pages\/77\/revisions"}],"predecessor-version":[{"id":337,"href":"http:\/\/www.kathrinherrmann.de\/index.php?rest_route=\/wp\/v2\/pages\/77\/revisions\/337"}],"up":[{"embeddable":true,"href":"http:\/\/www.kathrinherrmann.de\/index.php?rest_route=\/wp\/v2\/pages\/273"}],"wp:attachment":[{"href":"http:\/\/www.kathrinherrmann.de\/index.php?rest_route=%2Fwp%2Fv2%2Fmedia&parent=77"}],"curies":[{"name":"wp","href":"https:\/\/api.w.org\/{rel}","templated":true}]}}